{"id":3,"date":"2025-02-20T10:48:13","date_gmt":"2025-02-20T09:48:13","guid":{"rendered":"https:\/\/bristol.dev-divinginweb.com\/?page_id=3"},"modified":"2025-07-23T09:53:40","modified_gmt":"2025-07-23T07:53:40","slug":"mentions-legales","status":"publish","type":"page","link":"https:\/\/www.hotelbristol-pau.com\/en\/mentions-legales\/","title":{"rendered":"LEGAL NOTICES"},"content":{"rendered":"<div class=\"fusion-fullwidth fullwidth-box fusion-builder-row-1 fusion-flex-container nonhundred-percent-fullwidth non-hundred-percent-height-scrolling\" style=\"--awb-background-position:right center;--awb-border-sizes-top:0px;--awb-border-sizes-bottom:0px;--awb-border-sizes-left:0px;--awb-border-sizes-right:0px;--awb-border-radius-top-left:0px;--awb-border-radius-top-right:0px;--awb-border-radius-bottom-right:0px;--awb-border-radius-bottom-left:0px;--awb-min-height:calc(60vh - 80px);--awb-flex-wrap:wrap;\" ><div class=\"awb-background-slider\" data-type=\"container\" data-loop=\"yes\" data-animation=\"fade\" data-slideshow-speed=\"5000\" data-animation-speed=\"800\" data-direction=\"up\" style=\"--awb-image-position:50% 50%;\"><div class=\"swiper-wrapper\"><div class=\"swiper-slide\"><img decoding=\"async\" width=\"1000\" height=\"666\" src=\"https:\/\/www.hotelbristol-pau.com\/wp-content\/uploads\/2025\/07\/hotel-bristol-pau-phistoire-facade3.jpg\" class=\"awb-background-slider__image\" alt=\"H\u00f4tel Bristol | H\u00f4tel au centre de Pau | vue de l&#039;entr\u00e9e\" srcset=\"https:\/\/www.hotelbristol-pau.com\/wp-content\/uploads\/2025\/07\/hotel-bristol-pau-phistoire-facade3-200x133.jpg 200w, https:\/\/www.hotelbristol-pau.com\/wp-content\/uploads\/2025\/07\/hotel-bristol-pau-phistoire-facade3-300x200.jpg 300w, https:\/\/www.hotelbristol-pau.com\/wp-content\/uploads\/2025\/07\/hotel-bristol-pau-phistoire-facade3-400x266.jpg 400w, https:\/\/www.hotelbristol-pau.com\/wp-content\/uploads\/2025\/07\/hotel-bristol-pau-phistoire-facade3-600x400.jpg 600w, https:\/\/www.hotelbristol-pau.com\/wp-content\/uploads\/2025\/07\/hotel-bristol-pau-phistoire-facade3-768x511.jpg 768w, https:\/\/www.hotelbristol-pau.com\/wp-content\/uploads\/2025\/07\/hotel-bristol-pau-phistoire-facade3-800x533.jpg 800w, https:\/\/www.hotelbristol-pau.com\/wp-content\/uploads\/2025\/07\/hotel-bristol-pau-phistoire-facade3.jpg 1000w\" sizes=\"(max-width: 1000px) 100vw, 1000px\" \/><\/div><div class=\"swiper-slide\"><img decoding=\"async\" width=\"1000\" height=\"666\" src=\"https:\/\/www.hotelbristol-pau.com\/wp-content\/uploads\/2025\/07\/hotel-bristol-pau-phistoire-reception.jpg\" class=\"awb-background-slider__image\" alt=\"H\u00f4tel Bristol Pau R\u00e9ception\" srcset=\"https:\/\/www.hotelbristol-pau.com\/wp-content\/uploads\/2025\/07\/hotel-bristol-pau-phistoire-reception-200x133.jpg 200w, https:\/\/www.hotelbristol-pau.com\/wp-content\/uploads\/2025\/07\/hotel-bristol-pau-phistoire-reception-300x200.jpg 300w, https:\/\/www.hotelbristol-pau.com\/wp-content\/uploads\/2025\/07\/hotel-bristol-pau-phistoire-reception-400x266.jpg 400w, https:\/\/www.hotelbristol-pau.com\/wp-content\/uploads\/2025\/07\/hotel-bristol-pau-phistoire-reception-600x400.jpg 600w, https:\/\/www.hotelbristol-pau.com\/wp-content\/uploads\/2025\/07\/hotel-bristol-pau-phistoire-reception-768x511.jpg 768w, https:\/\/www.hotelbristol-pau.com\/wp-content\/uploads\/2025\/07\/hotel-bristol-pau-phistoire-reception-800x533.jpg 800w, https:\/\/www.hotelbristol-pau.com\/wp-content\/uploads\/2025\/07\/hotel-bristol-pau-phistoire-reception.jpg 1000w\" sizes=\"(max-width: 1000px) 100vw, 1000px\" \/><\/div><div class=\"swiper-slide\"><img decoding=\"async\" width=\"1000\" height=\"666\" src=\"https:\/\/www.hotelbristol-pau.com\/wp-content\/uploads\/2025\/07\/hotel-bristol-pau-phistoire-facade2.jpg\" class=\"awb-background-slider__image\" alt=\"H\u00f4tel Bristol Pau vue de l&#039;entr\u00e9e\" srcset=\"https:\/\/www.hotelbristol-pau.com\/wp-content\/uploads\/2025\/07\/hotel-bristol-pau-phistoire-facade2-200x133.jpg 200w, https:\/\/www.hotelbristol-pau.com\/wp-content\/uploads\/2025\/07\/hotel-bristol-pau-phistoire-facade2-300x200.jpg 300w, https:\/\/www.hotelbristol-pau.com\/wp-content\/uploads\/2025\/07\/hotel-bristol-pau-phistoire-facade2-400x266.jpg 400w, https:\/\/www.hotelbristol-pau.com\/wp-content\/uploads\/2025\/07\/hotel-bristol-pau-phistoire-facade2-600x400.jpg 600w, https:\/\/www.hotelbristol-pau.com\/wp-content\/uploads\/2025\/07\/hotel-bristol-pau-phistoire-facade2-768x511.jpg 768w, https:\/\/www.hotelbristol-pau.com\/wp-content\/uploads\/2025\/07\/hotel-bristol-pau-phistoire-facade2-800x533.jpg 800w, https:\/\/www.hotelbristol-pau.com\/wp-content\/uploads\/2025\/07\/hotel-bristol-pau-phistoire-facade2.jpg 1000w\" sizes=\"(max-width: 1000px) 100vw, 1000px\" \/><\/div><div class=\"swiper-slide\"><img decoding=\"async\" width=\"1000\" height=\"666\" src=\"https:\/\/www.hotelbristol-pau.com\/wp-content\/uploads\/2025\/07\/hotel-bristol-pau-phistoire-facade.jpg\" class=\"awb-background-slider__image\" alt=\"H\u00f4tel Bristol Pau vue de la fa\u00e7ade, h\u00f4tel 3 \u00e9toiles \u00e0 Pau\" srcset=\"https:\/\/www.hotelbristol-pau.com\/wp-content\/uploads\/2025\/07\/hotel-bristol-pau-phistoire-facade-200x133.jpg 200w, https:\/\/www.hotelbristol-pau.com\/wp-content\/uploads\/2025\/07\/hotel-bristol-pau-phistoire-facade-300x200.jpg 300w, https:\/\/www.hotelbristol-pau.com\/wp-content\/uploads\/2025\/07\/hotel-bristol-pau-phistoire-facade-400x266.jpg 400w, https:\/\/www.hotelbristol-pau.com\/wp-content\/uploads\/2025\/07\/hotel-bristol-pau-phistoire-facade-600x400.jpg 600w, https:\/\/www.hotelbristol-pau.com\/wp-content\/uploads\/2025\/07\/hotel-bristol-pau-phistoire-facade-768x511.jpg 768w, https:\/\/www.hotelbristol-pau.com\/wp-content\/uploads\/2025\/07\/hotel-bristol-pau-phistoire-facade-800x533.jpg 800w, https:\/\/www.hotelbristol-pau.com\/wp-content\/uploads\/2025\/07\/hotel-bristol-pau-phistoire-facade.jpg 1000w\" sizes=\"(max-width: 1000px) 100vw, 1000px\" \/><\/div><\/div><\/div><div class=\"fusion-builder-row fusion-row fusion-flex-align-items-flex-start fusion-flex-align-content-center fusion-flex-content-wrap\" style=\"max-width:1216.8px;margin-left: calc(-4% \/ 2 );margin-right: calc(-4% \/ 2 );\"><div class=\"fusion-layout-column fusion_builder_column fusion-builder-column-0 fusion_builder_column_1_1 1_1 fusion-flex-column\" style=\"--awb-bg-size:cover;--awb-width-large:100%;--awb-margin-top-large:0px;--awb-spacing-right-large:1.92%;--awb-margin-bottom-large:0px;--awb-spacing-left-large:1.92%;--awb-width-medium:100%;--awb-order-medium:0;--awb-spacing-right-medium:1.92%;--awb-spacing-left-medium:1.92%;--awb-width-small:100%;--awb-order-small:0;--awb-spacing-right-small:1.92%;--awb-spacing-left-small:1.92%;\"><div class=\"fusion-column-wrapper fusion-column-has-shadow fusion-flex-justify-content-flex-start fusion-content-layout-column\"><div class=\"fusion-image-element\" style=\"text-align:center;--awb-max-width:200px;--awb-caption-title-font-family:var(--h2_typography-font-family);--awb-caption-title-font-weight:var(--h2_typography-font-weight);--awb-caption-title-font-style:var(--h2_typography-font-style);--awb-caption-title-size:var(--h2_typography-font-size);--awb-caption-title-transform:var(--h2_typography-text-transform);--awb-caption-title-line-height:var(--h2_typography-line-height);--awb-caption-title-letter-spacing:var(--h2_typography-letter-spacing);\"><span class=\"fusion-imageframe imageframe-none imageframe-1 hover-type-none\"><img decoding=\"async\" width=\"500\" height=\"515\" title=\"hotel-bristol-pau-Circle-logo-white\" src=\"https:\/\/bristol.dev-divinginweb.com\/wp-content\/uploads\/2025\/03\/hotel-bristol-pau-Circle-logo-white.png\" alt class=\"img-responsive wp-image-875\" srcset=\"https:\/\/www.hotelbristol-pau.com\/wp-content\/uploads\/2025\/03\/hotel-bristol-pau-Circle-logo-white-200x206.png 200w, https:\/\/www.hotelbristol-pau.com\/wp-content\/uploads\/2025\/03\/hotel-bristol-pau-Circle-logo-white-400x412.png 400w, https:\/\/www.hotelbristol-pau.com\/wp-content\/uploads\/2025\/03\/hotel-bristol-pau-Circle-logo-white.png 500w\" sizes=\"(max-width: 1025px) 100vw, (max-width: 640px) 100vw, 500px\" \/><\/span><\/div><\/div><\/div><\/div><\/div><div class=\"fusion-fullwidth fullwidth-box fusion-builder-row-2 fusion-flex-container has-pattern-background has-mask-background hundred-percent-fullwidth non-hundred-percent-height-scrolling\" style=\"--awb-border-radius-top-left:0px;--awb-border-radius-top-right:0px;--awb-border-radius-bottom-right:0px;--awb-border-radius-bottom-left:0px;--awb-padding-right:0px;--awb-padding-left:0px;--awb-background-color:var(--awb-color4);--awb-flex-wrap:wrap;\" ><div class=\"fusion-builder-row fusion-row fusion-flex-align-items-center fusion-flex-justify-content-center fusion-flex-content-wrap\" style=\"width:104% !important;max-width:104% !important;margin-left: calc(-4% \/ 2 );margin-right: calc(-4% \/ 2 );\"><div class=\"fusion-layout-column fusion_builder_column fusion-builder-column-1 fusion_builder_column_1_1 1_1 fusion-flex-column fusion-flex-align-self-center\" style=\"--awb-padding-top:0px;--awb-padding-bottom:0px;--awb-bg-size:cover;--awb-width-large:100%;--awb-margin-top-large:50px;--awb-spacing-right-large:1.92%;--awb-margin-bottom-large:50px;--awb-spacing-left-large:1.92%;--awb-width-medium:100%;--awb-order-medium:0;--awb-spacing-right-medium:1.92%;--awb-spacing-left-medium:1.92%;--awb-width-small:100%;--awb-order-small:0;--awb-spacing-right-small:1.92%;--awb-spacing-left-small:1.92%;\"><div class=\"fusion-column-wrapper fusion-column-has-shadow fusion-flex-justify-content-center fusion-content-layout-column\"><div class=\"fusion-title title fusion-title-1 fusion-sep-none fusion-title-center fusion-title-text fusion-title-size-one\" style=\"--awb-margin-bottom:0px;\"><h1 class=\"fusion-title-heading title-heading-center fusion-responsive-typography-calculated\" style=\"margin:0;text-transform:capitalize;--fontSize:28.125;line-height:1.2;\">legal information<\/h1><\/div><div class=\"fusion-text fusion-text-1 fusion-text-no-margin\" style=\"--awb-content-alignment:center;--awb-font-size:25px;--awb-text-color:var(--awb-color5);--awb-margin-top:0px;--awb-margin-bottom:0px;\"><p><i>Hotel BRISTOL PAU<\/i><\/p>\n<\/div><\/div><\/div><\/div><\/div><div class=\"fusion-fullwidth fullwidth-box fusion-builder-row-3 fusion-flex-container nonhundred-percent-fullwidth non-hundred-percent-height-scrolling\" style=\"--awb-border-radius-top-left:0px;--awb-border-radius-top-right:0px;--awb-border-radius-bottom-right:0px;--awb-border-radius-bottom-left:0px;--awb-padding-right:5%;--awb-padding-left:5%;--awb-background-color:var(--awb-color4);--awb-flex-wrap:wrap;\" ><div class=\"fusion-builder-row fusion-row fusion-flex-align-items-flex-start fusion-flex-content-wrap\" style=\"max-width:1216.8px;margin-left: calc(-4% \/ 2 );margin-right: calc(-4% \/ 2 );\"><div class=\"fusion-layout-column fusion_builder_column fusion-builder-column-2 fusion_builder_column_1_1 1_1 fusion-flex-column\" style=\"--awb-bg-blend:overlay;--awb-bg-size:cover;--awb-width-large:100%;--awb-margin-top-large:0px;--awb-spacing-right-large:1.92%;--awb-margin-bottom-large:0px;--awb-spacing-left-large:1.92%;--awb-width-medium:100%;--awb-spacing-right-medium:1.92%;--awb-spacing-left-medium:1.92%;--awb-width-small:100%;--awb-spacing-right-small:1.92%;--awb-spacing-left-small:1.92%;\"><div class=\"fusion-column-wrapper fusion-flex-justify-content-flex-start fusion-content-layout-column\"><div class=\"fusion-text fusion-text-2\" style=\"--awb-text-color:var(--awb-color5);\"><h2><strong>Owner<\/strong><\/h2>\n<p>Company: BRISTOL PAU CENTRE<\/p>\n<p>Address: 3, rue Gambetta - 64000 Pau<\/p>\n<p>\u200d<\/p>\n<h2><strong>Hosting<\/strong><\/h2>\n<p>Company: O2Switch<\/p>\n<p>URL : <a href=\"https:\/\/www.o2switch.fr\" target=\"_blank\" rel=\"noopener\">https:\/\/www.o2switch.fr\/<\/a><\/p>\n<p>\u200d<\/p>\n<h2><strong>Site publishing director<\/strong><\/h2>\n<p>Mr LUCAS MARQUAND PERRIER - Owner<\/p>\n<p>In accordance with Articles 39 et seq. of the French Data Protection Act no. 78-17 of 6 January 1978, amended in 2004, any person may obtain access to and, where appropriate, rectification or deletion of information concerning him or her by contacting : <a href=\"mailto:contact@hotelbristol-pau.com\">contact@hotelbristol-pau.com<\/a><\/p>\n<p>\u200d<\/p>\n<h2><strong>Website creation<\/strong><\/h2>\n<h3>design &amp; development<\/h3>\n<p>Company : <a href=\"https:\/\/divinginweb.com\/\" target=\"_blank\" rel=\"noopener\">Diving in Web<\/a><\/p>\n<p>Telephone : <a href=\"tel:+33980364494\">+339 80 36 44 94<\/a><\/p>\n<h3><strong>Graphics<\/strong><\/h3>\n<p>Company : <a href=\"http:\/\/www.cats-design.fr\/\" target=\"_blank\" rel=\"noopener\">Cats-Design<\/a><\/p>\n<\/div><\/div><\/div><\/div><\/div><!-- \/wp:post-content -->","protected":false},"excerpt":{"rendered":"","protected":false},"author":1,"featured_media":0,"parent":0,"menu_order":0,"comment_status":"closed","ping_status":"open","template":"100-width.php","meta":{"footnotes":""},"class_list":["post-3","page","type-page","status-publish","hentry"],"_links":{"self":[{"href":"https:\/\/www.hotelbristol-pau.com\/en\/wp-json\/wp\/v2\/pages\/3","targetHints":{"allow":["GET"]}}],"collection":[{"href":"https:\/\/www.hotelbristol-pau.com\/en\/wp-json\/wp\/v2\/pages"}],"about":[{"href":"https:\/\/www.hotelbristol-pau.com\/en\/wp-json\/wp\/v2\/types\/page"}],"author":[{"embeddable":true,"href":"https:\/\/www.hotelbristol-pau.com\/en\/wp-json\/wp\/v2\/users\/1"}],"replies":[{"embeddable":true,"href":"https:\/\/www.hotelbristol-pau.com\/en\/wp-json\/wp\/v2\/comments?post=3"}],"version-history":[{"count":4,"href":"https:\/\/www.hotelbristol-pau.com\/en\/wp-json\/wp\/v2\/pages\/3\/revisions"}],"predecessor-version":[{"id":2480,"href":"https:\/\/www.hotelbristol-pau.com\/en\/wp-json\/wp\/v2\/pages\/3\/revisions\/2480"}],"wp:attachment":[{"href":"https:\/\/www.hotelbristol-pau.com\/en\/wp-json\/wp\/v2\/media?parent=3"}],"curies":[{"name":"wp","href":"https:\/\/api.w.org\/{rel}","templated":true}]}}